{"id":2060,"date":"2022-11-15T13:14:35","date_gmt":"2022-11-15T13:14:35","guid":{"rendered":"https:\/\/cadistr.com\/a-propos-de-nous\/"},"modified":"2023-01-03T12:33:41","modified_gmt":"2023-01-03T12:33:41","slug":"a-propos-de-nous","status":"publish","type":"page","link":"https:\/\/cadistr.com\/fr\/a-propos-de-nous\/","title":{"rendered":"\u00e0 propos de nous"},"content":{"rendered":"\t\t<div data-elementor-type=\"wp-page\" data-elementor-id=\"2060\" class=\"elementor elementor-2060 elementor-1360\">\n\t\t\t\t\t\t\t\t\t<section class=\"elementor-section elementor-top-section elementor-element elementor-element-1673193 elementor-section-full_width elementor-section-height-default elementor-section-height-default\" data-id=\"1673193\" data-element_type=\"section\">\n\t\t\t\t\t\t<div class=\"elementor-container elementor-column-gap-no\">\n\t\t\t\t\t<div class=\"elementor-column elementor-col-100 elementor-top-column elementor-element elementor-element-f8c8e66\" data-id=\"f8c8e66\" data-element_type=\"column\">\n\t\t\t<div class=\"elementor-widget-wrap elementor-element-populated\">\n\t\t\t\t\t\t\t\t<div class=\"elementor-element elementor-element-7725673 elementor-widget elementor-widget-experience\" data-id=\"7725673\" data-element_type=\"widget\" data-widget_type=\"experience.default\">\n\t\t\t\t<div class=\"elementor-widget-container\">\n\t\t\t\n         <!-- Start Features Area \n    ============================================= -->\n    <div class=\"feature-area half-bg overflow-hidden default-padding-top\">\n        <div class=\"container\">\n            <div class=\"heading-left\">\n                <div class=\"row\">\n                    <div class=\"col-lg-6\">\n                        <h5>PLUS DE 20 ANS D\u2019EXPERIENCE<\/h5>\n                        <h2>\n                            PLUS DE 20 ANS D\u2019EXPERIENCE                        <\/h2>\n                    <\/div>\n                    <div class=\"col-lg-6\">\n                        <p>\n                            Notre entreprise, au si\u00e8ge social en France, dispose d&#039;un vaste r\u00e9seau  constitu\u00e9 de partenaires fiables et exp\u00e9riment\u00e9s avec une r\u00e9putation  dans le domaine du commerce international. Gr\u00e2ce \u00e0 ce r\u00e9seau solide commercial  dans le monde entier, notre personnel expert offre la meilleure qualit\u00e9 des produits que vous exigez au prix le plus abordable \u00e0 plus rapide. CA Distribution offre \u00e0 ses clients une exp\u00e9rience d&#039;achat sans risque dans le monde actuel, o\u00f9 le commerce mondial \u00e9volue et se g\u00e9n\u00e9ralise, mais o\u00f9 les risques dans la cha\u00eene d&#039;approvisionnement augmentent \u00e9galement.                        <\/p>\n                    <\/div>\n                <\/div>\n            <\/div>\n        <\/div>\n        <div class=\"container\">\n            <div class=\"features-box text-light\">\n                <div class=\"row\">\n\n        \n            <!-- Single Item -->\n            <div class=\"single-item col-lg-4 col-md-6\">\n                <div class=\"item\">\n                    <img decoding=\"async\" src=\"https:\/\/cadistr.com\/wp-content\/uploads\/2022\/12\/urun-arastirma-800x800-1.png\" alt=\"Thumb\">\n                    <div class=\"overlay\">\n                        <div class=\"info\">\n                            <h4>Recherche de produit<\/h4>\n                            <a href=\"#\"><i class=\"fas fa-angle-right\"><\/i><\/a>\n                        <\/div>\n                    <\/div>\n                <\/div>\n            <\/div>\n            <!-- End Single Item -->\n\n        \n            <!-- Single Item -->\n            <div class=\"single-item col-lg-4 col-md-6\">\n                <div class=\"item\">\n                    <img decoding=\"async\" src=\"https:\/\/cadistr.com\/wp-content\/uploads\/2022\/12\/siparis-ve-kontrol-800x800-1.png\" alt=\"Thumb\">\n                    <div class=\"overlay\">\n                        <div class=\"info\">\n                            <h4>Commande\/ordre et contr\u00f4le<\/h4>\n                            <a href=\"#\"><i class=\"fas fa-angle-right\"><\/i><\/a>\n                        <\/div>\n                    <\/div>\n                <\/div>\n            <\/div>\n            <!-- End Single Item -->\n\n        \n            <!-- Single Item -->\n            <div class=\"single-item col-lg-4 col-md-6\">\n                <div class=\"item\">\n                    <img decoding=\"async\" src=\"https:\/\/cadistr.com\/wp-content\/uploads\/2022\/12\/gumruk-800x800-1.png\" alt=\"Thumb\">\n                    <div class=\"overlay\">\n                        <div class=\"info\">\n                            <h4>Processus de livraison<\/h4>\n                            <a href=\"#\"><i class=\"fas fa-angle-right\"><\/i><\/a>\n                        <\/div>\n                    <\/div>\n                <\/div>\n            <\/div>\n            <!-- End Single Item -->\n\n        \n         <\/div>\n            <\/div>\n        <\/div>\n    <\/div>\n    <!-- End Features Area -->\n       \n\n    \t\t<\/div>\n\t\t\t\t<\/div>\n\t\t\t\t\t<\/div>\n\t\t<\/div>\n\t\t\t\t\t\t\t<\/div>\n\t\t<\/section>\n\t\t\t\t<section class=\"elementor-section elementor-top-section elementor-element elementor-element-8a4ba87 elementor-section-full_width elementor-section-height-default elementor-section-height-default\" data-id=\"8a4ba87\" data-element_type=\"section\">\n\t\t\t\t\t\t<div class=\"elementor-container elementor-column-gap-no\">\n\t\t\t\t\t<div class=\"elementor-column elementor-col-100 elementor-top-column elementor-element elementor-element-7b6f0c6\" data-id=\"7b6f0c6\" data-element_type=\"column\">\n\t\t\t<div class=\"elementor-widget-wrap elementor-element-populated\">\n\t\t\t\t\t\t\t\t<div class=\"elementor-element elementor-element-02a98de elementor-widget elementor-widget-mission\" data-id=\"02a98de\" data-element_type=\"widget\" data-widget_type=\"mission.default\">\n\t\t\t\t<div class=\"elementor-widget-container\">\n\t\t\t\n         <!-- Start Who We Area \n    ============================================= -->\n    <div class=\"who-we-area-area bg-dark text-light\">\n        <div class=\"container-fluid\">\n            <div class=\"who-we-area-box\">\n                <div class=\"row\">\n                    <div class=\"col-lg-6 thumb bg-cover\" style=\"background-image: url(https:\/\/cadistr.com\/wp-content\/uploads\/2022\/12\/ca-distrubition-sonolan.png);\"><\/div>\n                    <div class=\"col-lg-6 info\">\n                        <div class=\"row\">\n       \n            \n            <div class=\"col-lg-6 col-md-6 item\">\n                <h4>Notre mission<\/h4>\n                <h2 class=\"text-blur\">Mission<\/h2>\n                <p>\n                    Notre mission est de vous apporter satisfaction sur les produits abordables et de qualit\u00e9 \u00e0 travers nos partenaires commerciaux, sans perte de temps et interm\u00e9diaire , en r\u00e9alisant une \u00e9tude de march\u00e9 cibl\u00e9e appropri\u00e9e pour le ou les produits que vous envisagez d&#039;acheter. Gr\u00e2ce aux produits rentables et de qualit\u00e9 que nous vous fournirons \u00e0 la fin de ce processus, nous souhaitons faire en sorte que vous ayez toujours une longueur d&#039;avance sur vos concurrents. D&#039;autre part, conform\u00e9ment \u00e0 notre strat\u00e9gie consistant \u00e0 \u00e9tendre notre r\u00e9seau global d&#039;approvisionnement jour apr\u00e8s jour, nous souhaiterions \u00e9galement int\u00e9grer dans ce r\u00e9seau les entreprises et organisations auxquelles nous fournissons des produits.                <\/p>\n                                <a href=\"https:\/\/cadistr.com\/a-propos-de-nous\/\" class=\"btn circle btn-light effect btn-sm\">A propos de nous <i class=\"fas fa-arrow-alt-circle-right\"><\/i><\/a>\n                            <\/div>\n\n            \n            <div class=\"col-lg-6 col-md-6 item\">\n                <h4>Notre vision<\/h4>\n                <h2 class=\"text-blur\">Vision<\/h2>\n                <p>\n                    Nous disposons la vision d\u2019executer l\u2019ensemble du processus depuis la fabrication des produits demand\u00e9s par nos clients aupr\u00e8s de nos partenaires commerciaux au prix le plus affordable jusqu\u2019\u00e0  la livraison chez le  client sans surprise gr\u00e2ce \u00e0 des accords s\u00e9curis\u00e9s.Nous ne partageons pas votre risque,nous l\u2019\u00e9liminons compl\u00e8tement.                <\/p>\n                                <a href=\"https:\/\/cadistr.com\/contact\" class=\"btn circle btn-light effect btn-sm\">Contact <i class=\"fas fa-arrow-alt-circle-right\"><\/i><\/a>\n                            <\/div>\n\n            \n        <\/div>\n                    <\/div>\n                <\/div>\n            <\/div>\n        <\/div>\n    <\/div>\n    <!-- End Who We Area Area -->\n\n    \t\t<\/div>\n\t\t\t\t<\/div>\n\t\t\t\t\t<\/div>\n\t\t<\/div>\n\t\t\t\t\t\t\t<\/div>\n\t\t<\/section>\n\t\t\t\t\t\t\t<\/div>\n\t\t","protected":false},"excerpt":{"rendered":"<p>PLUS DE 20 ANS D\u2019EXPERIENCE PLUS DE 20 ANS D\u2019EXPERIENCE Notre entreprise, au si\u00e8ge social en France, dispose d&#039;un vaste r\u00e9seau constitu\u00e9 de partenaires fiables et exp\u00e9riment\u00e9s avec une r\u00e9putation dans le domaine du commerce international. Gr\u00e2ce \u00e0 ce r\u00e9seau solide commercial dans le monde entier, notre personnel expert offre la meilleure qualit\u00e9 des produits [&hellip;]<\/p>\n","protected":false},"author":1,"featured_media":0,"parent":0,"menu_order":0,"comment_status":"closed","ping_status":"closed","template":"page-templates\/pages-image.php","meta":{"_mi_skip_tracking":false,"_themeisle_gutenberg_block_has_review":false,"_joinchat":[],"footnotes":""},"class_list":["post-2060","page","type-page","status-publish","hentry"],"aioseo_notices":[],"_links":{"self":[{"href":"https:\/\/cadistr.com\/fr\/wp-json\/wp\/v2\/pages\/2060","targetHints":{"allow":["GET"]}}],"collection":[{"href":"https:\/\/cadistr.com\/fr\/wp-json\/wp\/v2\/pages"}],"about":[{"href":"https:\/\/cadistr.com\/fr\/wp-json\/wp\/v2\/types\/page"}],"author":[{"embeddable":true,"href":"https:\/\/cadistr.com\/fr\/wp-json\/wp\/v2\/users\/1"}],"replies":[{"embeddable":true,"href":"https:\/\/cadistr.com\/fr\/wp-json\/wp\/v2\/comments?post=2060"}],"version-history":[{"count":10,"href":"https:\/\/cadistr.com\/fr\/wp-json\/wp\/v2\/pages\/2060\/revisions"}],"predecessor-version":[{"id":2354,"href":"https:\/\/cadistr.com\/fr\/wp-json\/wp\/v2\/pages\/2060\/revisions\/2354"}],"wp:attachment":[{"href":"https:\/\/cadistr.com\/fr\/wp-json\/wp\/v2\/media?parent=2060"}],"curies":[{"name":"wp","href":"https:\/\/api.w.org\/{rel}","templated":true}]}}