{"id":1989,"date":"2022-11-14T12:41:12","date_gmt":"2022-11-14T12:41:12","guid":{"rendered":"https:\/\/cadistr.com\/nos-services\/"},"modified":"2023-01-03T12:29:15","modified_gmt":"2023-01-03T12:29:15","slug":"nos-services","status":"publish","type":"page","link":"https:\/\/cadistr.com\/fr\/nos-services\/","title":{"rendered":"NOS SERV\u0130CES"},"content":{"rendered":"\t\t<div data-elementor-type=\"wp-page\" data-elementor-id=\"1989\" class=\"elementor elementor-1989 elementor-1337\">\n\t\t\t\t\t\t\t\t\t<section class=\"elementor-section elementor-top-section elementor-element elementor-element-07cf119 elementor-section-boxed elementor-section-height-default elementor-section-height-default\" data-id=\"07cf119\" data-element_type=\"section\">\n\t\t\t\t\t\t<div class=\"elementor-container elementor-column-gap-default\">\n\t\t\t\t\t<div class=\"elementor-column elementor-col-50 elementor-top-column elementor-element elementor-element-3b77cf2\" data-id=\"3b77cf2\" data-element_type=\"column\">\n\t\t\t<div class=\"elementor-widget-wrap elementor-element-populated\">\n\t\t\t\t\t\t\t\t<div class=\"elementor-element elementor-element-56e9c31 elementor-widget elementor-widget-image\" data-id=\"56e9c31\" data-element_type=\"widget\" data-widget_type=\"image.default\">\n\t\t\t\t<div class=\"elementor-widget-container\">\n\t\t\t<style>\/*! elementor - v3.11.2 - 22-02-2023 *\/\n.elementor-widget-image{text-align:center}.elementor-widget-image a{display:inline-block}.elementor-widget-image a img[src$=\".svg\"]{width:48px}.elementor-widget-image img{vertical-align:middle;display:inline-block}<\/style>\t\t\t\t\t\t\t\t\t\t\t\t<img decoding=\"async\" src=\"https:\/\/cadistr.com\/wp-content\/uploads\/elementor\/thumbs\/urun-arastirma-800x800-1-pz0ky0e7ojaystqxefcjmkybp3k1qu4ls2poejp094.png\" title=\"urun-arastirma-800&#215;800\" alt=\"urun-arastirma-800x800\" loading=\"lazy\" \/>\t\t\t\t\t\t\t\t\t\t\t\t\t\t\t<\/div>\n\t\t\t\t<\/div>\n\t\t\t\t\t<\/div>\n\t\t<\/div>\n\t\t\t\t<div class=\"elementor-column elementor-col-50 elementor-top-column elementor-element elementor-element-44db834\" data-id=\"44db834\" data-element_type=\"column\">\n\t\t\t<div class=\"elementor-widget-wrap elementor-element-populated\">\n\t\t\t\t\t\t\t\t<div class=\"elementor-element elementor-element-968f400 elementor-widget elementor-widget-heading\" data-id=\"968f400\" data-element_type=\"widget\" data-widget_type=\"heading.default\">\n\t\t\t\t<div class=\"elementor-widget-container\">\n\t\t\t<style>\/*! elementor - v3.11.2 - 22-02-2023 *\/\n.elementor-heading-title{padding:0;margin:0;line-height:1}.elementor-widget-heading .elementor-heading-title[class*=elementor-size-]>a{color:inherit;font-size:inherit;line-height:inherit}.elementor-widget-heading .elementor-heading-title.elementor-size-small{font-size:15px}.elementor-widget-heading .elementor-heading-title.elementor-size-medium{font-size:19px}.elementor-widget-heading .elementor-heading-title.elementor-size-large{font-size:29px}.elementor-widget-heading .elementor-heading-title.elementor-size-xl{font-size:39px}.elementor-widget-heading .elementor-heading-title.elementor-size-xxl{font-size:59px}<\/style><h2 class=\"elementor-heading-title elementor-size-xl\">Informez-nous du produit dont vous avez besoin<\/h2>\t\t<\/div>\n\t\t\t\t<\/div>\n\t\t\t\t<div class=\"elementor-element elementor-element-a474ba3 elementor-widget elementor-widget-text-editor\" data-id=\"a474ba3\" data-element_type=\"widget\" data-widget_type=\"text-editor.default\">\n\t\t\t\t<div class=\"elementor-widget-container\">\n\t\t\t<style>\/*! elementor - v3.11.2 - 22-02-2023 *\/\n.elementor-widget-text-editor.elementor-drop-cap-view-stacked .elementor-drop-cap{background-color:#818a91;color:#fff}.elementor-widget-text-editor.elementor-drop-cap-view-framed .elementor-drop-cap{color:#818a91;border:3px solid;background-color:transparent}.elementor-widget-text-editor:not(.elementor-drop-cap-view-default) .elementor-drop-cap{margin-top:8px}.elementor-widget-text-editor:not(.elementor-drop-cap-view-default) .elementor-drop-cap-letter{width:1em;height:1em}.elementor-widget-text-editor .elementor-drop-cap{float:right;text-align:center;line-height:1;font-size:50px}.elementor-widget-text-editor .elementor-drop-cap-letter{display:inline-block}<\/style>\t\t\t\t<p>Envoyez nous tous les d\u00e9tails du produit dont vous avez besoin.<\/p>\t\t\t\t\t\t<\/div>\n\t\t\t\t<\/div>\n\t\t\t\t\t<\/div>\n\t\t<\/div>\n\t\t\t\t\t\t\t<\/div>\n\t\t<\/section>\n\t\t\t\t<section class=\"elementor-section elementor-top-section elementor-element elementor-element-315610e elementor-section-boxed elementor-section-height-default elementor-section-height-default\" data-id=\"315610e\" data-element_type=\"section\">\n\t\t\t\t\t\t<div class=\"elementor-container elementor-column-gap-default\">\n\t\t\t\t\t<div class=\"elementor-column elementor-col-50 elementor-top-column elementor-element elementor-element-479a591\" data-id=\"479a591\" data-element_type=\"column\">\n\t\t\t<div class=\"elementor-widget-wrap elementor-element-populated\">\n\t\t\t\t\t\t\t\t<div class=\"elementor-element elementor-element-267f16a elementor-widget elementor-widget-image\" data-id=\"267f16a\" data-element_type=\"widget\" data-widget_type=\"image.default\">\n\t\t\t\t<div class=\"elementor-widget-container\">\n\t\t\t\t\t\t\t\t\t\t\t\t\t\t\t<img decoding=\"async\" src=\"https:\/\/cadistr.com\/wp-content\/uploads\/elementor\/thumbs\/ca-dis-world-eye-pz0kyk4to21zkmy975vpkxz066ur8hayusevhcvqmg.png\" title=\"ca-dis-world-eye\" alt=\"ca-dis-world-eye\" loading=\"lazy\" \/>\t\t\t\t\t\t\t\t\t\t\t\t\t\t\t<\/div>\n\t\t\t\t<\/div>\n\t\t\t\t\t<\/div>\n\t\t<\/div>\n\t\t\t\t<div class=\"elementor-column elementor-col-50 elementor-top-column elementor-element elementor-element-f4fc512\" data-id=\"f4fc512\" data-element_type=\"column\">\n\t\t\t<div class=\"elementor-widget-wrap elementor-element-populated\">\n\t\t\t\t\t\t\t\t<div class=\"elementor-element elementor-element-63c9136 elementor-widget elementor-widget-heading\" data-id=\"63c9136\" data-element_type=\"widget\" data-widget_type=\"heading.default\">\n\t\t\t\t<div class=\"elementor-widget-container\">\n\t\t\t<h2 class=\"elementor-heading-title elementor-size-xl\">Entretien avec les  fournisseurs dominants du secteur dans le pays cible<\/h2>\t\t<\/div>\n\t\t\t\t<\/div>\n\t\t\t\t<div class=\"elementor-element elementor-element-e10a4ae elementor-widget elementor-widget-text-editor\" data-id=\"e10a4ae\" data-element_type=\"widget\" data-widget_type=\"text-editor.default\">\n\t\t\t\t<div class=\"elementor-widget-container\">\n\t\t\t\t\t\t\t<p>Notre personnel exp\u00e9riment\u00e9 commence\u00a0 \u00e0 entretenir\u00a0 avec les fournisseurs dominants du pays cible o\u00f9 le produit est en demande.<\/p>\t\t\t\t\t\t<\/div>\n\t\t\t\t<\/div>\n\t\t\t\t\t<\/div>\n\t\t<\/div>\n\t\t\t\t\t\t\t<\/div>\n\t\t<\/section>\n\t\t\t\t<section class=\"elementor-section elementor-top-section elementor-element elementor-element-83d9745 elementor-section-boxed elementor-section-height-default elementor-section-height-default\" data-id=\"83d9745\" data-element_type=\"section\">\n\t\t\t\t\t\t<div class=\"elementor-container elementor-column-gap-default\">\n\t\t\t\t\t<div class=\"elementor-column elementor-col-50 elementor-top-column elementor-element elementor-element-d0a2a8a\" data-id=\"d0a2a8a\" data-element_type=\"column\">\n\t\t\t<div class=\"elementor-widget-wrap elementor-element-populated\">\n\t\t\t\t\t\t\t\t<div class=\"elementor-element elementor-element-5493ec0 elementor-widget elementor-widget-image\" data-id=\"5493ec0\" data-element_type=\"widget\" data-widget_type=\"image.default\">\n\t\t\t\t<div class=\"elementor-widget-container\">\n\t\t\t\t\t\t\t\t\t\t\t\t\t\t\t<img decoding=\"async\" src=\"https:\/\/cadistr.com\/wp-content\/uploads\/elementor\/thumbs\/siparis-ve-kontrol-800x800-1-pz0kzf5hxl8g7rp761aed857rwlvahq3z1xwbhlqx4.png\" title=\"siparis-ve-kontrol-800&#215;800\" alt=\"siparis-ve-kontrol-800x800\" loading=\"lazy\" \/>\t\t\t\t\t\t\t\t\t\t\t\t\t\t\t<\/div>\n\t\t\t\t<\/div>\n\t\t\t\t\t<\/div>\n\t\t<\/div>\n\t\t\t\t<div class=\"elementor-column elementor-col-50 elementor-top-column elementor-element elementor-element-b87c6a7\" data-id=\"b87c6a7\" data-element_type=\"column\">\n\t\t\t<div class=\"elementor-widget-wrap elementor-element-populated\">\n\t\t\t\t\t\t\t\t<div class=\"elementor-element elementor-element-5941836 elementor-widget elementor-widget-heading\" data-id=\"5941836\" data-element_type=\"widget\" data-widget_type=\"heading.default\">\n\t\t\t\t<div class=\"elementor-widget-container\">\n\t\t\t<h2 class=\"elementor-heading-title elementor-size-xl\">Nous r\u00e9alisons le planning de fabrication\/production avec notre \u00e9quipe d'experts dans son domaine<\/h2>\t\t<\/div>\n\t\t\t\t<\/div>\n\t\t\t\t<div class=\"elementor-element elementor-element-be9450b elementor-widget elementor-widget-text-editor\" data-id=\"be9450b\" data-element_type=\"widget\" data-widget_type=\"text-editor.default\">\n\t\t\t\t<div class=\"elementor-widget-container\">\n\t\t\t\t\t\t\t<p>Notre strat\u00e9gie de planning de fabrication\/production comprend les \u00e9l\u00e9ments suivants : Sp\u00e9cification des p\u00e9riodes pendant lesquelles le produit sera \u00a0plus n\u00e9cessaire. D\u00e9termination de la p\u00e9riode de planning de fabrication\/production appropri\u00e9e. Regroupement de mat\u00e9riaux \u00e0 utiliser dans la fabrication de produits adapt\u00e9s. Disponibilit\u00e9\u00a0 de la quantit\u00e9 \u00e0 fabriquer\/ produire dans la p\u00e9riode planifi\u00e9e. R\u00e9partition de la quantit\u00e9 \u00e0 fabriquer\/produire sur la p\u00e9riode planifi\u00e9e.<\/p>\t\t\t\t\t\t<\/div>\n\t\t\t\t<\/div>\n\t\t\t\t\t<\/div>\n\t\t<\/div>\n\t\t\t\t\t\t\t<\/div>\n\t\t<\/section>\n\t\t\t\t<section class=\"elementor-section elementor-top-section elementor-element elementor-element-f93c2c5 elementor-section-boxed elementor-section-height-default elementor-section-height-default\" data-id=\"f93c2c5\" data-element_type=\"section\">\n\t\t\t\t\t\t<div class=\"elementor-container elementor-column-gap-default\">\n\t\t\t\t\t<div class=\"elementor-column elementor-col-50 elementor-top-column elementor-element elementor-element-73f01d3\" data-id=\"73f01d3\" data-element_type=\"column\">\n\t\t\t<div class=\"elementor-widget-wrap elementor-element-populated\">\n\t\t\t\t\t\t\t\t<div class=\"elementor-element elementor-element-fa80dae elementor-widget elementor-widget-image\" data-id=\"fa80dae\" data-element_type=\"widget\" data-widget_type=\"image.default\">\n\t\t\t\t<div class=\"elementor-widget-container\">\n\t\t\t\t\t\t\t\t\t\t\t\t\t\t\t<img decoding=\"async\" src=\"https:\/\/cadistr.com\/wp-content\/uploads\/elementor\/thumbs\/businessmen-businesswomen-meeting-brainstorming-ideas-scaled-pz0l3eysz8pbk3wau9gbgpuqnux106l1itr6qtoih4.jpg\" title=\"Millennial Asia businessmen and businesswomen meeting brainstorm\" alt=\"Millennial Asia businessmen and businesswomen meeting brainstorming ideas about new paperwork project colleagues working together planning success strategy enjoy teamwork in small modern night office.\" loading=\"lazy\" \/>\t\t\t\t\t\t\t\t\t\t\t\t\t\t\t<\/div>\n\t\t\t\t<\/div>\n\t\t\t\t\t<\/div>\n\t\t<\/div>\n\t\t\t\t<div class=\"elementor-column elementor-col-50 elementor-top-column elementor-element elementor-element-6406d3d\" data-id=\"6406d3d\" data-element_type=\"column\">\n\t\t\t<div class=\"elementor-widget-wrap elementor-element-populated\">\n\t\t\t\t\t\t\t\t<div class=\"elementor-element elementor-element-a1e37a7 elementor-widget elementor-widget-heading\" data-id=\"a1e37a7\" data-element_type=\"widget\" data-widget_type=\"heading.default\">\n\t\t\t\t<div class=\"elementor-widget-container\">\n\t\t\t<h2 class=\"elementor-heading-title elementor-size-xl\">S\u00e9lectionner la m\u00e9thode d'approvisionnement pour l'exportation<\/h2>\t\t<\/div>\n\t\t\t\t<\/div>\n\t\t\t\t<div class=\"elementor-element elementor-element-4552d70 elementor-widget elementor-widget-text-editor\" data-id=\"4552d70\" data-element_type=\"widget\" data-widget_type=\"text-editor.default\">\n\t\t\t\t<div class=\"elementor-widget-container\">\n\t\t\t\t\t\t\t<p>On effectue l&#8217;exportation avec la m\u00e9thode d&#8217;approvisionnement que vous nous indiquez.<\/p>\t\t\t\t\t\t<\/div>\n\t\t\t\t<\/div>\n\t\t\t\t\t<\/div>\n\t\t<\/div>\n\t\t\t\t\t\t\t<\/div>\n\t\t<\/section>\n\t\t\t\t<section class=\"elementor-section elementor-top-section elementor-element elementor-element-7aaf48c elementor-section-boxed elementor-section-height-default elementor-section-height-default\" data-id=\"7aaf48c\" data-element_type=\"section\">\n\t\t\t\t\t\t<div class=\"elementor-container elementor-column-gap-default\">\n\t\t\t\t\t<div class=\"elementor-column elementor-col-50 elementor-top-column elementor-element elementor-element-19df616\" data-id=\"19df616\" data-element_type=\"column\">\n\t\t\t<div class=\"elementor-widget-wrap elementor-element-populated\">\n\t\t\t\t\t\t\t\t<div class=\"elementor-element elementor-element-ded5613 elementor-widget elementor-widget-image\" data-id=\"ded5613\" data-element_type=\"widget\" data-widget_type=\"image.default\">\n\t\t\t\t<div class=\"elementor-widget-container\">\n\t\t\t\t\t\t\t\t\t\t\t\t\t\t\t<img decoding=\"async\" src=\"https:\/\/cadistr.com\/wp-content\/uploads\/elementor\/thumbs\/executive-prepared-sign-contract-scaled-pz0l9ywamnoai8dlklfockbfrkm5o7lo39i279yp3c.jpg\" title=\"Signing contract\" alt=\"Image of businessman hand with pen signing contract at workplace\" loading=\"lazy\" \/>\t\t\t\t\t\t\t\t\t\t\t\t\t\t\t<\/div>\n\t\t\t\t<\/div>\n\t\t\t\t\t<\/div>\n\t\t<\/div>\n\t\t\t\t<div class=\"elementor-column elementor-col-50 elementor-top-column elementor-element elementor-element-c8792c1\" data-id=\"c8792c1\" data-element_type=\"column\">\n\t\t\t<div class=\"elementor-widget-wrap elementor-element-populated\">\n\t\t\t\t\t\t\t\t<div class=\"elementor-element elementor-element-41d8f4a elementor-widget elementor-widget-heading\" data-id=\"41d8f4a\" data-element_type=\"widget\" data-widget_type=\"heading.default\">\n\t\t\t\t<div class=\"elementor-widget-container\">\n\t\t\t<h2 class=\"elementor-heading-title elementor-size-xl\">Nous vous envoyons votre offre en d\u00e9tail<\/h2>\t\t<\/div>\n\t\t\t\t<\/div>\n\t\t\t\t<div class=\"elementor-element elementor-element-63a0a3d elementor-widget elementor-widget-text-editor\" data-id=\"63a0a3d\" data-element_type=\"widget\" data-widget_type=\"text-editor.default\">\n\t\t\t\t<div class=\"elementor-widget-container\">\n\t\t\t\t\t\t\t<p>Nous vous proposons l&#8217;offre la plus avantageuse pr\u00e9par\u00e9e pour vous\u00a0 selon votre connaissance et capacit\u00e9 technique dont vous sp\u00e9cifiez<\/p>\t\t\t\t\t\t<\/div>\n\t\t\t\t<\/div>\n\t\t\t\t\t<\/div>\n\t\t<\/div>\n\t\t\t\t\t\t\t<\/div>\n\t\t<\/section>\n\t\t\t\t<section class=\"elementor-section elementor-top-section elementor-element elementor-element-6449a3d elementor-section-boxed elementor-section-height-default elementor-section-height-default\" data-id=\"6449a3d\" data-element_type=\"section\">\n\t\t\t\t\t\t<div class=\"elementor-container elementor-column-gap-default\">\n\t\t\t\t\t<div class=\"elementor-column elementor-col-50 elementor-top-column elementor-element elementor-element-d1cf194\" data-id=\"d1cf194\" data-element_type=\"column\">\n\t\t\t<div class=\"elementor-widget-wrap elementor-element-populated\">\n\t\t\t\t\t\t\t\t<div class=\"elementor-element elementor-element-a4ab2a2 elementor-widget elementor-widget-image\" data-id=\"a4ab2a2\" data-element_type=\"widget\" data-widget_type=\"image.default\">\n\t\t\t\t<div class=\"elementor-widget-container\">\n\t\t\t\t\t\t\t\t\t\t\t\t\t\t\t<img decoding=\"async\" src=\"https:\/\/cadistr.com\/wp-content\/uploads\/elementor\/thumbs\/african-american-worker-her-coworker-reading-order-list-before-shipment-while-working-warehouse-scaled-pz0l6ysuspkbf2qm3spkvtlfg9ey30ojceh80geyyw.jpg\" title=\"Female warehouse workers going through shipment list before the delivery.\" alt=\"African American worker and her coworker reading order list before the shipment while working in a warehouse.\" loading=\"lazy\" \/>\t\t\t\t\t\t\t\t\t\t\t\t\t\t\t<\/div>\n\t\t\t\t<\/div>\n\t\t\t\t\t<\/div>\n\t\t<\/div>\n\t\t\t\t<div class=\"elementor-column elementor-col-50 elementor-top-column elementor-element elementor-element-ee414b3\" data-id=\"ee414b3\" data-element_type=\"column\">\n\t\t\t<div class=\"elementor-widget-wrap elementor-element-populated\">\n\t\t\t\t\t\t\t\t<div class=\"elementor-element elementor-element-c31cf31 elementor-widget elementor-widget-heading\" data-id=\"c31cf31\" data-element_type=\"widget\" data-widget_type=\"heading.default\">\n\t\t\t\t<div class=\"elementor-widget-container\">\n\t\t\t<h2 class=\"elementor-heading-title elementor-size-xl\"> Nous effectuons l'exportation<\/h2>\t\t<\/div>\n\t\t\t\t<\/div>\n\t\t\t\t<div class=\"elementor-element elementor-element-f2202bb elementor-widget elementor-widget-text-editor\" data-id=\"f2202bb\" data-element_type=\"widget\" data-widget_type=\"text-editor.default\">\n\t\t\t\t<div class=\"elementor-widget-container\">\n\t\t\t\t\t\t\t<p>Une fois l&#8217;accord est sign\u00e9 , nous effectuons l&#8217;exportation.<\/p>\t\t\t\t\t\t<\/div>\n\t\t\t\t<\/div>\n\t\t\t\t\t<\/div>\n\t\t<\/div>\n\t\t\t\t\t\t\t<\/div>\n\t\t<\/section>\n\t\t\t\t\t\t\t<\/div>\n\t\t","protected":false},"excerpt":{"rendered":"<p>Informez-nous du produit dont vous avez besoin Envoyez nous tous les d\u00e9tails du produit dont vous avez besoin. Entretien avec les fournisseurs dominants du secteur dans le pays cible Notre personnel exp\u00e9riment\u00e9 commence\u00a0 \u00e0 entretenir\u00a0 avec les fournisseurs dominants du pays cible o\u00f9 le produit est en demande. Nous r\u00e9alisons le planning de fabrication\/production avec [&hellip;]<\/p>\n","protected":false},"author":1,"featured_media":0,"parent":0,"menu_order":0,"comment_status":"closed","ping_status":"closed","template":"page-templates\/pages-image.php","meta":{"_mi_skip_tracking":false,"_themeisle_gutenberg_block_has_review":false,"_joinchat":[],"footnotes":""},"class_list":["post-1989","page","type-page","status-publish","hentry"],"aioseo_notices":[],"_links":{"self":[{"href":"https:\/\/cadistr.com\/fr\/wp-json\/wp\/v2\/pages\/1989","targetHints":{"allow":["GET"]}}],"collection":[{"href":"https:\/\/cadistr.com\/fr\/wp-json\/wp\/v2\/pages"}],"about":[{"href":"https:\/\/cadistr.com\/fr\/wp-json\/wp\/v2\/types\/page"}],"author":[{"embeddable":true,"href":"https:\/\/cadistr.com\/fr\/wp-json\/wp\/v2\/users\/1"}],"replies":[{"embeddable":true,"href":"https:\/\/cadistr.com\/fr\/wp-json\/wp\/v2\/comments?post=1989"}],"version-history":[{"count":9,"href":"https:\/\/cadistr.com\/fr\/wp-json\/wp\/v2\/pages\/1989\/revisions"}],"predecessor-version":[{"id":2345,"href":"https:\/\/cadistr.com\/fr\/wp-json\/wp\/v2\/pages\/1989\/revisions\/2345"}],"wp:attachment":[{"href":"https:\/\/cadistr.com\/fr\/wp-json\/wp\/v2\/media?parent=1989"}],"curies":[{"name":"wp","href":"https:\/\/api.w.org\/{rel}","templated":true}]}}