{"id":1987,"date":"2022-11-23T10:29:32","date_gmt":"2022-11-23T10:29:32","guid":{"rendered":"https:\/\/cadistr.com\/faq\/"},"modified":"2023-01-06T08:14:04","modified_gmt":"2023-01-06T08:14:04","slug":"faq","status":"publish","type":"page","link":"https:\/\/cadistr.com\/fr\/faq\/","title":{"rendered":"FAQ"},"content":{"rendered":"\t\t<div data-elementor-type=\"wp-page\" data-elementor-id=\"1987\" class=\"elementor elementor-1987 elementor-1404\">\n\t\t\t\t\t\t\t\t\t<section class=\"elementor-section elementor-top-section elementor-element elementor-element-8c779e3 elementor-section-full_width elementor-section-height-default elementor-section-height-default\" data-id=\"8c779e3\" data-element_type=\"section\">\n\t\t\t\t\t\t<div class=\"elementor-container elementor-column-gap-no\">\n\t\t\t\t\t<div class=\"elementor-column elementor-col-100 elementor-top-column elementor-element elementor-element-32ae1f9\" data-id=\"32ae1f9\" data-element_type=\"column\">\n\t\t\t<div class=\"elementor-widget-wrap elementor-element-populated\">\n\t\t\t\t\t\t\t\t<div class=\"elementor-element elementor-element-9b03364 elementor-widget elementor-widget-faq\" data-id=\"9b03364\" data-element_type=\"widget\" data-widget_type=\"faq.default\">\n\t\t\t\t<div class=\"elementor-widget-container\">\n\t\t\t\n        <!-- Start Faq \n    ============================================= -->\n    <div class=\"faq-area default-padding bg-gray\">\n        <div class=\"container\">\n            <div class=\"faq-items\">\n                <div class=\"row\">\n\n                    <div class=\"col-lg-5 info\">\n                        <h5>CE QUI RESTE DANS VOTRE ESPRIT<\/h5>\n                        <h2>Questions fr\u00e9quemment pos\u00e9es<\/h2>\n                        <a href=\"https:\/\/cadistr.com\/contact\" class=\"btn btn-theme effect btn-md\">contact<\/a>\n                    <\/div>\n\n                    <div class=\"col-lg-7\">\n                        <div class=\"faq-content\">\n                            <div class=\"accordion\" id=\"accordionExample\">\n                                            <div class=\"card\">\n                    <div class=\"card-header\" id=\"headingOne\">\n                        <h4 class=\"mb-0\" data-toggle=\"collapse\" data-target=\"#collapseOne\" aria-expanded=\"true\" aria-controls=\"collapseOne\">\n                            Quel type de service CA Distribution fournit-elle?                        <\/h4>\n                    <\/div>\n\n                    <div id=\"collapseOne\" class=\"collapse show\" aria-labelledby=\"headingOne\" data-parent=\"#accordionExample\">\n                        <div class=\"card-body\">\n                            <p>\n                                Gr\u00e2ce \u00e0 son vaste r\u00e9seau et ses partenaires commerciaux dans le monde, CA Distribution g\u00e8re le processus d&#039;achat des produits \/ produits que les personnes ou les organisations souhaitent fournir.                            <\/p>\n                        <\/div>\n                    <\/div>\n                <\/div>\n\n                        <div class=\"card\">\n                    <div class=\"card-header\" id=\"headingTwo\">\n                        <h4 class=\"mb-0\" data-toggle=\"collapse\" data-target=\"#collapseTwo\" aria-expanded=\"true\" aria-controls=\"collapseTwo\">\n                            Comment la recherche sur les prix du produit est-elle effectu\u00e9e?                                                                                       <\/h4>\n                    <\/div>\n\n                    <div id=\"collapseTwo\" class=\"collapse \" aria-labelledby=\"headingTwo\" data-parent=\"#accordionExample\">\n                        <div class=\"card-body\">\n                            <p>\n                                Nous d\u00e9terminons la meilleure offre en effectuant des recherches en d\u00e9tail sur la qualit\u00e9 et le prix des produits \u00e0 votre demande par l\u2019interm\u00e9diaire de nos partenaires commerciaux existants sur un r\u00e9seau international et nous vous proposons le bon produit au prix le plus abordable.Nous \u00e9valuons avec vous les fichiers de produits\/fabricants et les offres alternatives.En outre, nous veillons \u00e0 ce que la livraison du produit qui vous est destin\u00e9 soit effectu\u00e9e soit \u00e0 la douane, soit \u00e0 la porte.Sur les march\u00e9s mondiaux o\u00f9 il existe de nombreux fabricants, notre objectif est d\u2019acheter en toute s\u00e9curit\u00e9 le bon produit aupr\u00e8s du bon fabricant ,selon des normes \u00e9lev\u00e9es et au moindre co\u00fbt.                            <\/p>\n                        <\/div>\n                    <\/div>\n                <\/div>\n\n                        <div class=\"card\">\n                    <div class=\"card-header\" id=\"headingThree\">\n                        <h4 class=\"mb-0\" data-toggle=\"collapse\" data-target=\"#collapseThree\" aria-expanded=\"true\" aria-controls=\"collapseThree\">\n                            Comment le service logistique du produit est-il assur\u00e9 ?                                                                                                           <\/h4>\n                    <\/div>\n\n                    <div id=\"collapseThree\" class=\"collapse \" aria-labelledby=\"headingThree\" data-parent=\"#accordionExample\">\n                        <div class=\"card-body\">\n                            <p>\n                                Apr\u00e8s avoir conclu un accord avec le fabricant, nous vous communiquons le prix total comprenant le co\u00fbt du produit, les frais d&#039;exp\u00e9dition et nos frais de service. Nous d\u00e9terminons le mode d&#039;exp\u00e9dition le plus appropri\u00e9 en fonction du produit que vous souhaitez vous approvisionner et effectuons ce processus avec vous. Il ne vous reste plus qu&#039;\u00e0 suivre le parcours du produit.                            <\/p>\n                        <\/div>\n                    <\/div>\n                <\/div>\n\n                        <div class=\"card\">\n                    <div class=\"card-header\" id=\"headingFour\">\n                        <h4 class=\"mb-0\" data-toggle=\"collapse\" data-target=\"#collapseFour\" aria-expanded=\"true\" aria-controls=\"collapseFour\">\n                            O\u00f9 dois-je commencer ?                        <\/h4>\n                    <\/div>\n\n                    <div id=\"collapseFour\" class=\"collapse \" aria-labelledby=\"headingFour\" data-parent=\"#accordionExample\">\n                        <div class=\"card-body\">\n                            <p>\n                                Il suffit de remplir le formulaire de demande pour faire des recherches sur le produit de fabrication dont vous souhaitez acheter. Apr\u00e8s cette \u00e9tape, nous partageons instantan\u00e9ment avec vous les d\u00e9tails de l&#039;ensemble du processus jusqu&#039;\u00e0 la livraison de la marchandise . Comme nous effectuons un processus d&#039;achat interactif,toutes vos demandes \u00e9ventuelles sont en consid\u00e9ration ainsi nous concluons le processus avec la plus grande efficacit\u00e9 et transparence.                            <\/p>\n                        <\/div>\n                    <\/div>\n                <\/div>\n\n                        <div class=\"card\">\n                    <div class=\"card-header\" id=\"headingFive\">\n                        <h4 class=\"mb-0\" data-toggle=\"collapse\" data-target=\"#collapseFive\" aria-expanded=\"true\" aria-controls=\"collapseFive\">\n                            Le produit peut-il \u00eatre retourn\u00e9?                                                                                                                                                        <\/h4>\n                    <\/div>\n\n                    <div id=\"collapseFive\" class=\"collapse \" aria-labelledby=\"headingFive\" data-parent=\"#accordionExample\">\n                        <div class=\"card-body\">\n                            <p>\n                                Il est possible de retourner le produit qui vous est  livr\u00e9, soit en raison de ses propres d\u00e9fauts, soit en raison de d\u00e9fauts pouvant survenir de l&#039;entreprise pendant la phase de chargement . Tous les d\u00e9tails de ce questionnement seront inclus dans le texte de l&#039;accord.                            <\/p>\n                        <\/div>\n                    <\/div>\n                <\/div>\n\n                        <div class=\"card\">\n                    <div class=\"card-header\" id=\"headingSix\">\n                        <h4 class=\"mb-0\" data-toggle=\"collapse\" data-target=\"#collapseSix\" aria-expanded=\"true\" aria-controls=\"collapseSix\">\n                            Avez-vous d&#039;autre question ?                         <\/h4>\n                    <\/div>\n\n                    <div id=\"collapseSix\" class=\"collapse \" aria-labelledby=\"headingSix\" data-parent=\"#accordionExample\">\n                        <div class=\"card-body\">\n                            <p>\n                                Vous pouvez envoyer rapidement un e-mail en remplissant le formulaire de contact ci-dessous pour r\u00e9pondre \u00e0 toutes les questions dont vous souhaitez nous poser.                            <\/p>\n                        <\/div>\n                    <\/div>\n                <\/div>\n\n        \n                      <\/div>\n                        <\/div>\n                    <\/div>\n\n                <\/div>\n            <\/div>\n        <\/div>\n    <\/div>\n    <!-- End Faq Area -->\n\n    \t\t<\/div>\n\t\t\t\t<\/div>\n\t\t\t\t<div class=\"elementor-element elementor-element-2310391 elementor-widget elementor-widget-contact\" data-id=\"2310391\" data-element_type=\"widget\" data-widget_type=\"contact.default\">\n\t\t\t\t<div class=\"elementor-widget-container\">\n\t\t\t\n       <!-- Start Contact \n    ============================================= -->\n    <div class=\"contact-area overflow-hidden default-padding bg-gray\">\n        <div class=\"container\">\n            <div class=\"row\">\n\n                <div class=\"col-lg-6 contact-form-box\">\n                    <div class=\"content\">\n                        <div class=\"heading\">\n                            <h2>Est-ce que vous avez encore une autre question \u00e0 poser?                                                                                                        <\/h2>\n                            <p>Notre \u00e9quipe vous attend pour r\u00e9pondre \u00e0 vos questions.<\/p>\n                        <\/div>\n                        \n<div class=\"wpcf7 no-js\" id=\"wpcf7-f2072-o1\" lang=\"en-US\" dir=\"ltr\">\n<div class=\"screen-reader-response\"><p role=\"status\" aria-live=\"polite\" aria-atomic=\"true\"><\/p> <ul><\/ul><\/div>\n<form action=\"\/fr\/wp-json\/wp\/v2\/pages\/1987#wpcf7-f2072-o1\" method=\"post\" class=\"wpcf7-form init\" aria-label=\"Contact form\" enctype=\"multipart\/form-data\" novalidate=\"novalidate\" data-status=\"init\">\n<div style=\"display: none;\">\n<input type=\"hidden\" name=\"_wpcf7\" value=\"2072\" \/>\n<input type=\"hidden\" name=\"_wpcf7_version\" value=\"5.7.4\" \/>\n<input type=\"hidden\" name=\"_wpcf7_locale\" value=\"en_US\" \/>\n<input type=\"hidden\" name=\"_wpcf7_unit_tag\" value=\"wpcf7-f2072-o1\" \/>\n<input type=\"hidden\" name=\"_wpcf7_container_post\" value=\"0\" \/>\n<input type=\"hidden\" name=\"_wpcf7_posted_data_hash\" value=\"\" \/>\n<\/div>\n<div class=\"row\">\n\t<div class=\"col-lg-6\">\n\t\t<div class=\"form-group\">\n\t\t\t<p><span class=\"wpcf7-form-control-wrap\" data-name=\"your-name\"><input size=\"40\" class=\"wpcf7-form-control wpcf7-text wpcf7-validates-as-required form-control\" id=\"name\" aria-required=\"true\" aria-invalid=\"false\" placeholder=\"Institution \u2013 Raison sociale ou nom Pr\u00e9nom*\" value=\"\" type=\"text\" name=\"your-name\" \/><\/span><br \/>\n<span class=\"alert-error\"><\/span>\n\t\t\t<\/p>\n\t\t<\/div>\n\t<\/div>\n\t<div class=\"col-lg-6\">\n\t\t<div class=\"form-group\">\n\t\t\t<p><span class=\"wpcf7-form-control-wrap\" data-name=\"email\"><input size=\"40\" class=\"wpcf7-form-control wpcf7-text wpcf7-email wpcf7-validates-as-required wpcf7-validates-as-email form-control\" id=\"email\" aria-required=\"true\" aria-invalid=\"false\" placeholder=\"Email*\" value=\"\" type=\"email\" name=\"email\" \/><\/span><br \/>\n<span class=\"alert-error\"><\/span>\n\t\t\t<\/p>\n\t\t<\/div>\n\t<\/div>\n<\/div>\n<div class=\"row\">\n\t<div class=\"col-lg-12\">\n\t\t<div class=\"form-group\">\n\t\t\t<p><span class=\"wpcf7-form-control-wrap\" data-name=\"phone\"><input size=\"40\" class=\"wpcf7-form-control wpcf7-text wpcf7-tel wpcf7-validates-as-tel form-control\" id=\"phone\" aria-invalid=\"false\" placeholder=\"No de t\u00e9l\u00e9phone\" value=\"\" type=\"tel\" name=\"phone\" \/><\/span><br \/>\n<span class=\"alert-error\"><\/span>\n\t\t\t<\/p>\n\t\t<\/div>\n\t<\/div>\n<\/div>\n<div class=\"row\">\n\t<div class=\"col-lg-12\">\n\t\t<div class=\"form-group comments\">\n\t\t\t<p><span class=\"wpcf7-form-control-wrap\" data-name=\"comments\"><textarea cols=\"40\" rows=\"2\" class=\"wpcf7-form-control wpcf7-textarea wpcf7-validates-as-required form-control\" id=\"comments\" aria-required=\"true\" aria-invalid=\"false\" placeholder=\"soumettre les d\u00e9tails du sujet*\" name=\"comments\"><\/textarea><\/span>\n\t\t\t<\/p>\n\t\t<\/div>\n\t<\/div>\n<\/div>\n<div class=\"row\">\n\t<div class=\"col-lg-12\">\n\t\t<p style=\"color:black\">Vous pouvez t\u00e9l\u00e9charger les fichiers que vous souhaitez envoyer en cliquant sur \"Choisir un fichier\".\n\t\t<\/p>\n\t\t<p><span class=\"wpcf7-form-control-wrap\" data-name=\"file-813\"><input size=\"40\" class=\"wpcf7-form-control wpcf7-file\" accept=\".doc,.docx,.xls,.xlsx,.pdf,.ppt,.jpg,.zip,.rar,.png,.jpeg\" aria-invalid=\"false\" type=\"file\" name=\"file-813\" \/><\/span>\n\t\t<\/p>\n\t<\/div>\n<\/div>\n<div class=\"row\">\n\t<div class=\"col-lg-12\">\n\t\t<p><button type=\"submit\" name=\"submit\" id=\"submit\">Envoyer<\/button>\n\t\t<\/p>\n\t<\/div>\n<\/div>\n<!-- Alert Message -->\n<div class=\"col-md-12 alert-notification\">\n\t<div id=\"message\" class=\"alert-msg\">\n\t<\/div>\n<\/div><div class=\"wpcf7-response-output\" aria-hidden=\"true\"><\/div>\n<\/form>\n<\/div>\n                        <\/div>\n                <\/div>\n\n                <div class=\"col-lg-6 info\">\n                    <div class=\"contact-tabs\">\n                        <ul id=\"tabs\" class=\"nav nav-tabs\">\n                            <li class=\"nav-item\">\n                                <a href=\"\" data-target=\"#tab1\" data-toggle=\"tab\" class=\"active nav-link\">\n                                    Notre adresse                                <\/a>\n                            <\/li>\n                            <li class=\"nav-item\">\n                                <a href=\"\" data-target=\"#tab2\" data-toggle=\"tab\" class=\"nav-link\">\n                                    Cartes Google (Google Maps)                                <\/a>\n                            <\/li>\n                        <\/ul>\n                        <div id=\"tabsContent\" class=\"tab-content\">\n                            <div id=\"tab1\" class=\"tab-pane fade active show\">\n                                <ul>\n                                                <li>\n                                        <div class=\"icon\">\n                                            <i class=\"fas fa-map-marker-alt\"><\/i>\n                                        <\/div>\n                                        <div class=\"info\">\n                                            <p>\n                                                Notre adresse                                                <span>11 Rue Francis Carco 38400 Saint-Martin-d&#039;H\u00e8res \/ France<\/span>\n                                            <\/p>\n                                        <\/div>\n                                    <\/li>\n                                                                        <li>\n                                        <div class=\"icon\">\n                                            <i class=\"fas fa-envelope-open\"><\/i>\n                                        <\/div>\n                                        <div class=\"info\">\n                                            <p>\n                                                Notre adresse e-mail                                                <span>info@cadistr.com<\/span>\n                                            <\/p>\n                                        <\/div>\n                                    <\/li>\n                                                                        <li>\n                                        <div class=\"icon\">\n                                            <i class=\"fas fa-phone\"><\/i>\n                                        <\/div>\n                                        <div class=\"info\">\n                                            <p>\n                                                Notre num\u00e9ro de t\u00e9l\u00e9phone                                                <span>+0033 749383227<\/span>\n                                            <\/p>\n                                        <\/div>\n                                    <\/li>\n                                                                    <\/ul>\n                            <\/div>\n                            <div id=\"tab2\" class=\"tab-pane fade\">\n                                <iframe src=\"https:\/\/www.google.com\/maps\/embed?pb=!1m18!1m12!1m3!1d5662660.616623629!2d-2.435148504816877!3d46.13140746126157!2m3!1f0!2f0!3f0!3m2!1i1024!2i768!4f13.1!3m3!1m2!1s0xd54a02933785731%3A0x6bfd3f96c747d9f7!2sFransa!5e0!3m2!1str!2str!4v1667484437814!5m2!1str!2str&quot; width=&quot;600&quot; height=&quot;450&quot; style=&quot;border:0;&quot; allowfullscreen=&quot;&quot; loading=&quot;lazy&quot; referrerpolicy=&quot;no-referrer-when-downgrade&quot;&gt;&lt;\/iframe&gt;\"><\/iframe>\n                            <\/div>\n                        <\/div>\n                    <\/div>\n                <\/div>\n\n            <\/div>\n        <\/div>\n    <\/div>\n    <!-- End Contact Area -->\n\n    \t\t<\/div>\n\t\t\t\t<\/div>\n\t\t\t\t\t<\/div>\n\t\t<\/div>\n\t\t\t\t\t\t\t<\/div>\n\t\t<\/section>\n\t\t\t\t\t\t\t<\/div>\n\t\t","protected":false},"excerpt":{"rendered":"<p>CE QUI RESTE DANS VOTRE ESPRIT Questions fr\u00e9quemment pos\u00e9es contact Quel type de service CA Distribution fournit-elle? Gr\u00e2ce \u00e0 son vaste r\u00e9seau et ses partenaires commerciaux dans le monde, CA Distribution g\u00e8re le processus d&#039;achat des produits \/ produits que les personnes ou les organisations souhaitent fournir. Comment la recherche sur les prix du produit [&hellip;]<\/p>\n","protected":false},"author":1,"featured_media":0,"parent":0,"menu_order":0,"comment_status":"closed","ping_status":"closed","template":"page-templates\/pages-image.php","meta":{"_mi_skip_tracking":false,"_themeisle_gutenberg_block_has_review":false,"_joinchat":[],"footnotes":""},"class_list":["post-1987","page","type-page","status-publish","hentry"],"aioseo_notices":[],"_links":{"self":[{"href":"https:\/\/cadistr.com\/fr\/wp-json\/wp\/v2\/pages\/1987","targetHints":{"allow":["GET"]}}],"collection":[{"href":"https:\/\/cadistr.com\/fr\/wp-json\/wp\/v2\/pages"}],"about":[{"href":"https:\/\/cadistr.com\/fr\/wp-json\/wp\/v2\/types\/page"}],"author":[{"embeddable":true,"href":"https:\/\/cadistr.com\/fr\/wp-json\/wp\/v2\/users\/1"}],"replies":[{"embeddable":true,"href":"https:\/\/cadistr.com\/fr\/wp-json\/wp\/v2\/comments?post=1987"}],"version-history":[{"count":16,"href":"https:\/\/cadistr.com\/fr\/wp-json\/wp\/v2\/pages\/1987\/revisions"}],"predecessor-version":[{"id":2369,"href":"https:\/\/cadistr.com\/fr\/wp-json\/wp\/v2\/pages\/1987\/revisions\/2369"}],"wp:attachment":[{"href":"https:\/\/cadistr.com\/fr\/wp-json\/wp\/v2\/media?parent=1987"}],"curies":[{"name":"wp","href":"https:\/\/api.w.org\/{rel}","templated":true}]}}