{"id":2067,"date":"2022-11-15T13:14:35","date_gmt":"2022-11-15T13:14:35","guid":{"rendered":"https:\/\/cadistr.com\/ueber-uns\/"},"modified":"2022-12-13T12:50:58","modified_gmt":"2022-12-13T12:50:58","slug":"ueber-uns","status":"publish","type":"page","link":"https:\/\/cadistr.com\/de\/ueber-uns\/","title":{"rendered":"\u00fcber uns"},"content":{"rendered":"\t\t<div data-elementor-type=\"wp-page\" data-elementor-id=\"2067\" class=\"elementor elementor-2067 elementor-1360\">\n\t\t\t\t\t\t\t\t\t<section class=\"elementor-section elementor-top-section elementor-element elementor-element-2d4e5ea elementor-section-full_width elementor-section-height-default elementor-section-height-default\" data-id=\"2d4e5ea\" data-element_type=\"section\">\n\t\t\t\t\t\t<div class=\"elementor-container elementor-column-gap-no\">\n\t\t\t\t\t<div class=\"elementor-column elementor-col-100 elementor-top-column elementor-element elementor-element-847ff42\" data-id=\"847ff42\" data-element_type=\"column\">\n\t\t\t<div class=\"elementor-widget-wrap elementor-element-populated\">\n\t\t\t\t\t\t\t\t<div class=\"elementor-element elementor-element-d26ef6f elementor-widget elementor-widget-experience\" data-id=\"d26ef6f\" data-element_type=\"widget\" data-widget_type=\"experience.default\">\n\t\t\t\t<div class=\"elementor-widget-container\">\n\t\t\t\n         <!-- Start Features Area \n    ============================================= -->\n    <div class=\"feature-area half-bg overflow-hidden default-padding-top\">\n        <div class=\"container\">\n            <div class=\"heading-left\">\n                <div class=\"row\">\n                    <div class=\"col-lg-6\">\n                        <h5>MEHR ALS 20 JAHRE ERFAHRUNG<\/h5>\n                        <h2>\n                            MIT MEHR ALS 20 JAHREN ERFAHRUNG TUN WIR DAS, WAS WIR AM BESTEN K\u00d6NNEN!                        <\/h2>\n                    <\/div>\n                    <div class=\"col-lg-6\">\n                        <p>\n                            Unser in Frankreich ans\u00e4ssiges Unternehmen verf\u00fcgt \u00fcber ein breites Netz von zuverl\u00e4ssigen und erfahrenen Partnern, die sich im internationalen Handel einen Namen gemacht haben. Dank dieses starken weltweiten Handelsnetzes recherchiert unser fachkundiges Personal die von Ihnen gew\u00fcnschten Produkte und bietet Ihnen die besten Qualit\u00e4tsprodukte zum besten Preis und auf dem schnellsten Weg an. CA Distribution bietet seinen Kunden eine risikofreie Einkaufserfahrung in der heutigen Welt, in der sich der globale Handel entwickelt und verallgemeinert hat, aber auch die Risiken in der Lieferkette gestiegen sind.                        <\/p>\n                    <\/div>\n                <\/div>\n            <\/div>\n        <\/div>\n        <div class=\"container\">\n            <div class=\"features-box text-light\">\n                <div class=\"row\">\n\n        \n            <!-- Single Item -->\n            <div class=\"single-item col-lg-4 col-md-6\">\n                <div class=\"item\">\n                    <img decoding=\"async\" src=\"https:\/\/cadistr.com\/wp-content\/uploads\/2022\/12\/certificate.png\" alt=\"Thumb\">\n                    <div class=\"overlay\">\n                        <div class=\"info\">\n                            <h4><\/h4>\n                            <a href=\"https:\/\/cadistr.com\/contact\/\"><i class=\"fa fa-plus\"><\/i><\/a>\n                        <\/div>\n                    <\/div>\n                <\/div>\n            <\/div>\n            <!-- End Single Item -->\n\n        \n         <\/div>\n            <\/div>\n        <\/div>\n    <\/div>\n    <!-- End Features Area -->\n       \n\n    \t\t<\/div>\n\t\t\t\t<\/div>\n\t\t\t\t\t<\/div>\n\t\t<\/div>\n\t\t\t\t\t\t\t<\/div>\n\t\t<\/section>\n\t\t\t\t<section class=\"elementor-section elementor-top-section elementor-element elementor-element-9fab1b2 elementor-section-full_width elementor-section-height-default elementor-section-height-default\" data-id=\"9fab1b2\" data-element_type=\"section\">\n\t\t\t\t\t\t<div class=\"elementor-container elementor-column-gap-no\">\n\t\t\t\t\t<div class=\"elementor-column elementor-col-100 elementor-top-column elementor-element elementor-element-18a6ea0\" data-id=\"18a6ea0\" data-element_type=\"column\">\n\t\t\t<div class=\"elementor-widget-wrap elementor-element-populated\">\n\t\t\t\t\t\t\t\t<div class=\"elementor-element elementor-element-379e4d6 elementor-widget elementor-widget-mission\" data-id=\"379e4d6\" data-element_type=\"widget\" data-widget_type=\"mission.default\">\n\t\t\t\t<div class=\"elementor-widget-container\">\n\t\t\t\n         <!-- Start Who We Area \n    ============================================= -->\n    <div class=\"who-we-area-area bg-dark text-light\">\n        <div class=\"container-fluid\">\n            <div class=\"who-we-area-box\">\n                <div class=\"row\">\n                    <div class=\"col-lg-6 thumb bg-cover\" style=\"background-image: url(https:\/\/cadistr.com\/wp-content\/uploads\/2022\/12\/ca-distrubition-sonolan.png);\"><\/div>\n                    <div class=\"col-lg-6 info\">\n                        <div class=\"row\">\n       \n            \n            <div class=\"col-lg-6 col-md-6 item\">\n                <h4>Unsere Mission:<\/h4>\n                <h2 class=\"text-blur\">Mission<\/h2>\n                <p>\n                    Durch die Durchf\u00fchrung der richtigen Marktforschung f\u00fcr die Produkte, die Sie kaufen m\u00f6chten, wollen wir die erschwinglichen und qualitativ hochwertigen Produkte, die wir von unseren Gesch\u00e4ftspartnern liefern, ohne Zeitverlust an Ihre T\u00fcr liefern. Am Ende dieses Prozesses wollen wir sicherstellen, dass Sie dank der kosteng\u00fcnstigen und qualitativ hochwertigen Produkte, die wir Ihnen liefern werden, Ihren Mitbewerbern immer einen Schritt voraus sind. Andererseits wollen wir im Einklang mit unserer Strategie, unser globales Versorgungsnetz Tag f\u00fcr Tag zu erweitern, die Unternehmen und Organisationen, an die wir Produkte liefern, in dieses Netz einbeziehen.\n                <\/p>\n                            <\/div>\n\n            \n            <div class=\"col-lg-6 col-md-6 item\">\n                <h4>Unsere Vision:<\/h4>\n                <h2 class=\"text-blur\">Vision<\/h2>\n                <p>\n                    Unsere Vision ist es, den gesamten Prozess von der Beschaffung bis zur Lieferung der von unseren Kunden gew\u00fcnschten Produkte an den Kunden durchzuf\u00fchren, nachdem der g\u00fcnstigste Preis zwischen unseren Gesch\u00e4ftspartnern vereinbart wurde, ohne \u00dcberraschungen dank sicherer Vereinbarungen. Wir eliminieren das Risiko, anstatt Ihr Risiko zu teilen.                <\/p>\n                            <\/div>\n\n            \n        <\/div>\n                    <\/div>\n                <\/div>\n            <\/div>\n        <\/div>\n    <\/div>\n    <!-- End Who We Area Area -->\n\n    \t\t<\/div>\n\t\t\t\t<\/div>\n\t\t\t\t\t<\/div>\n\t\t<\/div>\n\t\t\t\t\t\t\t<\/div>\n\t\t<\/section>\n\t\t\t\t\t\t\t<\/div>\n\t\t","protected":false},"excerpt":{"rendered":"<p>MEHR ALS 20 JAHRE ERFAHRUNG MIT MEHR ALS 20 JAHREN ERFAHRUNG TUN WIR DAS, WAS WIR AM BESTEN K\u00d6NNEN! Unser in Frankreich ans\u00e4ssiges Unternehmen verf\u00fcgt \u00fcber ein breites Netz von zuverl\u00e4ssigen und erfahrenen Partnern, die sich im internationalen Handel einen Namen gemacht haben. Dank dieses starken weltweiten Handelsnetzes recherchiert unser fachkundiges Personal die von Ihnen [&hellip;]<\/p>\n","protected":false},"author":1,"featured_media":0,"parent":0,"menu_order":0,"comment_status":"closed","ping_status":"closed","template":"page-templates\/pages-image.php","meta":{"_mi_skip_tracking":false,"_themeisle_gutenberg_block_has_review":false,"_joinchat":[],"footnotes":""},"class_list":["post-2067","page","type-page","status-publish","hentry"],"aioseo_notices":[],"_links":{"self":[{"href":"https:\/\/cadistr.com\/de\/wp-json\/wp\/v2\/pages\/2067","targetHints":{"allow":["GET"]}}],"collection":[{"href":"https:\/\/cadistr.com\/de\/wp-json\/wp\/v2\/pages"}],"about":[{"href":"https:\/\/cadistr.com\/de\/wp-json\/wp\/v2\/types\/page"}],"author":[{"embeddable":true,"href":"https:\/\/cadistr.com\/de\/wp-json\/wp\/v2\/users\/1"}],"replies":[{"embeddable":true,"href":"https:\/\/cadistr.com\/de\/wp-json\/wp\/v2\/comments?post=2067"}],"version-history":[{"count":4,"href":"https:\/\/cadistr.com\/de\/wp-json\/wp\/v2\/pages\/2067\/revisions"}],"predecessor-version":[{"id":2272,"href":"https:\/\/cadistr.com\/de\/wp-json\/wp\/v2\/pages\/2067\/revisions\/2272"}],"wp:attachment":[{"href":"https:\/\/cadistr.com\/de\/wp-json\/wp\/v2\/media?parent=2067"}],"curies":[{"name":"wp","href":"https:\/\/api.w.org\/{rel}","templated":true}]}}