{"id":2001,"date":"2022-11-23T10:29:32","date_gmt":"2022-11-23T10:29:32","guid":{"rendered":"https:\/\/cadistr.com\/faq\/"},"modified":"2023-01-06T08:18:13","modified_gmt":"2023-01-06T08:18:13","slug":"faq","status":"publish","type":"page","link":"https:\/\/cadistr.com\/de\/faq\/","title":{"rendered":"FAQ"},"content":{"rendered":"\t\t<div data-elementor-type=\"wp-page\" data-elementor-id=\"2001\" class=\"elementor elementor-2001 elementor-1404\">\n\t\t\t\t\t\t\t\t\t<section class=\"elementor-section elementor-top-section elementor-element elementor-element-e5ee186 elementor-section-full_width elementor-section-height-default elementor-section-height-default\" data-id=\"e5ee186\" data-element_type=\"section\">\n\t\t\t\t\t\t<div class=\"elementor-container elementor-column-gap-no\">\n\t\t\t\t\t<div class=\"elementor-column elementor-col-100 elementor-top-column elementor-element elementor-element-c467460\" data-id=\"c467460\" data-element_type=\"column\">\n\t\t\t<div class=\"elementor-widget-wrap elementor-element-populated\">\n\t\t\t\t\t\t\t\t<div class=\"elementor-element elementor-element-1e954a7 elementor-widget elementor-widget-faq\" data-id=\"1e954a7\" data-element_type=\"widget\" data-widget_type=\"faq.default\">\n\t\t\t\t<div class=\"elementor-widget-container\">\n\t\t\t\n        <!-- Start Faq \n    ============================================= -->\n    <div class=\"faq-area default-padding bg-gray\">\n        <div class=\"container\">\n            <div class=\"faq-items\">\n                <div class=\"row\">\n\n                    <div class=\"col-lg-5 info\">\n                        <h5>HABEN SIE FRAGEN?<\/h5>\n                        <h2>H\u00e4ufig Gestellte Fragen<\/h2>\n                        <a href=\"https:\/\/cadistr.com\/de\/kontakt\/\" class=\"btn btn-theme effect btn-md\">Kontakt<\/a>\n                    <\/div>\n\n                    <div class=\"col-lg-7\">\n                        <div class=\"faq-content\">\n                            <div class=\"accordion\" id=\"accordionExample\">\n                                            <div class=\"card\">\n                    <div class=\"card-header\" id=\"headingOne\">\n                        <h4 class=\"mb-0\" data-toggle=\"collapse\" data-target=\"#collapseOne\" aria-expanded=\"true\" aria-controls=\"collapseOne\">\n                            Welche Art von Dienstleistung bietet CA Distribution an?                        <\/h4>\n                    <\/div>\n\n                    <div id=\"collapseOne\" class=\"collapse show\" aria-labelledby=\"headingOne\" data-parent=\"#accordionExample\">\n                        <div class=\"card-body\">\n                            <p>\n                                CA Distribution verwaltet den Einkaufsprozess der Produkte, die Einzelpersonen oder Organisationen liefern wollen, dank seines breiten Netzes und seiner Gesch\u00e4ftspartner in der ganzen Welt.\n\n                            <\/p>\n                        <\/div>\n                    <\/div>\n                <\/div>\n\n                        <div class=\"card\">\n                    <div class=\"card-header\" id=\"headingTwo\">\n                        <h4 class=\"mb-0\" data-toggle=\"collapse\" data-target=\"#collapseTwo\" aria-expanded=\"true\" aria-controls=\"collapseTwo\">\n                            Wie wird die Produktpreisforschung durchgef\u00fchrt?                        <\/h4>\n                    <\/div>\n\n                    <div id=\"collapseTwo\" class=\"collapse \" aria-labelledby=\"headingTwo\" data-parent=\"#accordionExample\">\n                        <div class=\"card-body\">\n                            <p>\n                                \u00dcber unsere bestehenden Gesch\u00e4ftspartner in unserem weltweiten Netzwerk ermitteln wir das beste Angebot, indem wir eine detaillierte Qualit\u00e4ts- und Preisrecherche f\u00fcr die von Ihnen gew\u00fcnschten Produkte durchf\u00fchren und Ihnen das richtige Produkt zum g\u00fcnstigsten Preis anbieten. Wir bewerten gemeinsam mit Ihnen die Produkt-\/Herstellerdateien und Alternativangebote. Dar\u00fcber hinaus stellen wir sicher, dass die Lieferung der Ware an Sie entweder am Zoll oder an der Haust\u00fcr erfolgt. Auf den Weltm\u00e4rkten, auf denen es viele Hersteller gibt, sind wir bestrebt, das richtige Produkt vom richtigen Hersteller zu kaufen, mit hohen Standards und zu den niedrigsten Kosten.                            <\/p>\n                        <\/div>\n                    <\/div>\n                <\/div>\n\n                        <div class=\"card\">\n                    <div class=\"card-header\" id=\"headingThree\">\n                        <h4 class=\"mb-0\" data-toggle=\"collapse\" data-target=\"#collapseThree\" aria-expanded=\"true\" aria-controls=\"collapseThree\">\n                            Wie wird der logistische Service f\u00fcr das Produkt erbracht?                        <\/h4>\n                    <\/div>\n\n                    <div id=\"collapseThree\" class=\"collapse \" aria-labelledby=\"headingThree\" data-parent=\"#accordionExample\">\n                        <div class=\"card-body\">\n                            <p>\n                                Nachdem wir eine Vereinbarung mit dem Hersteller getroffen haben, teilen wir Ihnen den Gesamtpreis mit, der die Produktkosten, die Versandkosten und unsere Servicegeb\u00fchr umfasst. Je nach dem Produkt, das Sie liefern m\u00f6chten, ermitteln wir die am besten geeignete Versandart und f\u00fchren diesen Prozess gemeinsam mit Ihnen durch. Das Einzige, was Ihnen bleibt, ist, den Weg des Produkts zu verfolgen.                            <\/p>\n                        <\/div>\n                    <\/div>\n                <\/div>\n\n                        <div class=\"card\">\n                    <div class=\"card-header\" id=\"headingFour\">\n                        <h4 class=\"mb-0\" data-toggle=\"collapse\" data-target=\"#collapseFour\" aria-expanded=\"true\" aria-controls=\"collapseFour\">\n                            Wo soll ich anfangen?                        <\/h4>\n                    <\/div>\n\n                    <div id=\"collapseFour\" class=\"collapse \" aria-labelledby=\"headingFour\" data-parent=\"#accordionExample\">\n                        <div class=\"card-body\">\n                            <p>\n                                F\u00fcllen Sie einfach das Produktanfrageformular aus, damit wir das Produkt, das Sie kaufen m\u00f6chten, recherchieren k\u00f6nnen. Nach dieser Phase teilen wir Ihnen sofort die Einzelheiten des gesamten Prozesses mit, bis das Produkt geliefert wird. Da wir einen interaktiven Einkaufsprozess durchf\u00fchren, k\u00f6nnen wir Ihre W\u00fcnsche sofort bewerten und den Prozess mit h\u00f6chster Effizienz abschlie\u00dfen.                            <\/p>\n                        <\/div>\n                    <\/div>\n                <\/div>\n\n                        <div class=\"card\">\n                    <div class=\"card-header\" id=\"headingFive\">\n                        <h4 class=\"mb-0\" data-toggle=\"collapse\" data-target=\"#collapseFive\" aria-expanded=\"true\" aria-controls=\"collapseFive\">\n                            Kann das Produkt zur\u00fcckgegeben werden?                        <\/h4>\n                    <\/div>\n\n                    <div id=\"collapseFive\" class=\"collapse \" aria-labelledby=\"headingFive\" data-parent=\"#accordionExample\">\n                        <div class=\"card-body\">\n                            <p>\n                                Es ist m\u00f6glich, das gelieferte Produkt aufgrund eigener M\u00e4ngel oder M\u00e4ngel, die durch das Unternehmen w\u00e4hrend der Frachtphase auftreten k\u00f6nnen, zur\u00fcckzugeben. Alle diesbez\u00fcglichen Einzelheiten werden in den Text des Abkommens aufgenommen.\nHaben Sie weitere Fragen?\nSie k\u00f6nnen uns schnell eine E-Mail schicken, indem Sie das untenstehende Kontaktformular ausf\u00fcllen, um alle Fragen zu beantworten, die Sie uns stellen m\u00f6chten.                            <\/p>\n                        <\/div>\n                    <\/div>\n                <\/div>\n\n                        <div class=\"card\">\n                    <div class=\"card-header\" id=\"headingSix\">\n                        <h4 class=\"mb-0\" data-toggle=\"collapse\" data-target=\"#collapseSix\" aria-expanded=\"true\" aria-controls=\"collapseSix\">\n                            Haben Sie noch weitere Fragen?                         <\/h4>\n                    <\/div>\n\n                    <div id=\"collapseSix\" class=\"collapse \" aria-labelledby=\"headingSix\" data-parent=\"#accordionExample\">\n                        <div class=\"card-body\">\n                            <p>\n                                Unser Team wartet auf Sie, um Ihre Fragen zu beantworten.                            <\/p>\n                        <\/div>\n                    <\/div>\n                <\/div>\n\n        \n                      <\/div>\n                        <\/div>\n                    <\/div>\n\n                <\/div>\n            <\/div>\n        <\/div>\n    <\/div>\n    <!-- End Faq Area -->\n\n    \t\t<\/div>\n\t\t\t\t<\/div>\n\t\t\t\t<div class=\"elementor-element elementor-element-8127d2b elementor-widget elementor-widget-contact\" data-id=\"8127d2b\" data-element_type=\"widget\" data-widget_type=\"contact.default\">\n\t\t\t\t<div class=\"elementor-widget-container\">\n\t\t\t\n       <!-- Start Contact \n    ============================================= -->\n    <div class=\"contact-area overflow-hidden default-padding bg-gray\">\n        <div class=\"container\">\n            <div class=\"row\">\n\n                <div class=\"col-lg-6 contact-form-box\">\n                    <div class=\"content\">\n                        <div class=\"heading\">\n                            <h2>Haben Sie noch weitere Fragen?<\/h2>\n                            <p>Unser Team wartet auf Sie, um Ihre Fragen zu beantworten.<\/p>\n                        <\/div>\n                        \n<div class=\"wpcf7 no-js\" id=\"wpcf7-f2253-o1\" lang=\"en-US\" dir=\"ltr\">\n<div class=\"screen-reader-response\"><p role=\"status\" aria-live=\"polite\" aria-atomic=\"true\"><\/p> <ul><\/ul><\/div>\n<form action=\"\/de\/wp-json\/wp\/v2\/pages\/2001#wpcf7-f2253-o1\" method=\"post\" class=\"wpcf7-form init\" aria-label=\"Contact form\" novalidate=\"novalidate\" data-status=\"init\">\n<div style=\"display: none;\">\n<input type=\"hidden\" name=\"_wpcf7\" value=\"2253\" \/>\n<input type=\"hidden\" name=\"_wpcf7_version\" value=\"5.7.4\" \/>\n<input type=\"hidden\" name=\"_wpcf7_locale\" value=\"en_US\" \/>\n<input type=\"hidden\" name=\"_wpcf7_unit_tag\" value=\"wpcf7-f2253-o1\" \/>\n<input type=\"hidden\" name=\"_wpcf7_container_post\" value=\"0\" \/>\n<input type=\"hidden\" name=\"_wpcf7_posted_data_hash\" value=\"\" \/>\n<\/div>\n<div class=\"row\">\n\t<div class=\"col-lg-6\">\n\t\t<div class=\"form-group\">\n\t\t\t<p><span class=\"wpcf7-form-control-wrap\" data-name=\"your-name\"><input size=\"40\" class=\"wpcf7-form-control wpcf7-text wpcf7-validates-as-required form-control\" id=\"name\" aria-required=\"true\" aria-invalid=\"false\" placeholder=\"Institution - Firmenname oder Vor-und Nachname\" value=\"\" type=\"text\" name=\"your-name\" \/><\/span><br \/>\n<span class=\"alert-error\"><\/span>\n\t\t\t<\/p>\n\t\t<\/div>\n\t<\/div>\n\t<div class=\"col-lg-6\">\n\t\t<div class=\"form-group\">\n\t\t\t<p><span class=\"wpcf7-form-control-wrap\" data-name=\"email\"><input size=\"40\" class=\"wpcf7-form-control wpcf7-text wpcf7-email wpcf7-validates-as-required wpcf7-validates-as-email form-control\" id=\"email\" aria-required=\"true\" aria-invalid=\"false\" placeholder=\"Email*\" value=\"\" type=\"email\" name=\"email\" \/><\/span><br \/>\n<span class=\"alert-error\"><\/span>\n\t\t\t<\/p>\n\t\t<\/div>\n\t<\/div>\n<\/div>\n<div class=\"row\">\n\t<div class=\"col-lg-12\">\n\t\t<div class=\"form-group\">\n\t\t\t<p><span class=\"wpcf7-form-control-wrap\" data-name=\"phone\"><input size=\"40\" class=\"wpcf7-form-control wpcf7-text wpcf7-tel wpcf7-validates-as-tel form-control\" id=\"phone\" aria-invalid=\"false\" placeholder=\"Telefon Nr.\" value=\"\" type=\"tel\" name=\"phone\" \/><\/span><br \/>\n<span class=\"alert-error\"><\/span>\n\t\t\t<\/p>\n\t\t<\/div>\n\t<\/div>\n<\/div>\n<div class=\"row\">\n\t<div class=\"col-lg-12\">\n\t\t<div class=\"form-group comments\">\n\t\t\t<p><span class=\"wpcf7-form-control-wrap\" data-name=\"comments\"><textarea cols=\"40\" rows=\"2\" class=\"wpcf7-form-control wpcf7-textarea wpcf7-validates-as-required form-control\" id=\"comments\" aria-required=\"true\" aria-invalid=\"false\" placeholder=\"Thema*\" name=\"comments\"><\/textarea><\/span>\n\t\t\t<\/p>\n\t\t<\/div>\n\t<\/div>\n<\/div>\n<div class=\"row\">\n\t<div class=\"col-lg-12\">\n\t\t<p><button type=\"submit\" name=\"submit\" id=\"submit\">Senden<\/button>\n\t\t<\/p>\n\t<\/div>\n<\/div>\n<!-- Alert Message -->\n<div class=\"col-md-12 alert-notification\">\n\t<div id=\"message\" class=\"alert-msg\">\n\t<\/div>\n<\/div><div class=\"wpcf7-response-output\" aria-hidden=\"true\"><\/div>\n<\/form>\n<\/div>\n                        <\/div>\n                <\/div>\n\n                <div class=\"col-lg-6 info\">\n                    <div class=\"contact-tabs\">\n                        <ul id=\"tabs\" class=\"nav nav-tabs\">\n                            <li class=\"nav-item\">\n                                <a href=\"\" data-target=\"#tab1\" data-toggle=\"tab\" class=\"active nav-link\">\n                                    Unsere Adresse                                <\/a>\n                            <\/li>\n                            <li class=\"nav-item\">\n                                <a href=\"\" data-target=\"#tab2\" data-toggle=\"tab\" class=\"nav-link\">\n                                    Google maps                                <\/a>\n                            <\/li>\n                        <\/ul>\n                        <div id=\"tabsContent\" class=\"tab-content\">\n                            <div id=\"tab1\" class=\"tab-pane fade active show\">\n                                <ul>\n                                                <li>\n                                        <div class=\"icon\">\n                                            <i class=\"fas fa-map-marker-alt\"><\/i>\n                                        <\/div>\n                                        <div class=\"info\">\n                                            <p>\n                                                Unsere Adresse                                                <span>11 Rue Francis Carco 38400 Saint-Martin-d&#039;H\u00e8res \/ France<\/span>\n                                            <\/p>\n                                        <\/div>\n                                    <\/li>\n                                                                        <li>\n                                        <div class=\"icon\">\n                                            <i class=\"fas fa-envelope-open\"><\/i>\n                                        <\/div>\n                                        <div class=\"info\">\n                                            <p>\n                                                Unsere Postadresse                                                <span>info@cadistr.com<\/span>\n                                            <\/p>\n                                        <\/div>\n                                    <\/li>\n                                                                        <li>\n                                        <div class=\"icon\">\n                                            <i class=\"fas fa-phone\"><\/i>\n                                        <\/div>\n                                        <div class=\"info\">\n                                            <p>\n                                                Telefon Nummer                                                <span>+0033 749383227<\/span>\n                                            <\/p>\n                                        <\/div>\n                                    <\/li>\n                                                                    <\/ul>\n                            <\/div>\n                            <div id=\"tab2\" class=\"tab-pane fade\">\n                                <iframe src=\"https:\/\/www.google.com\/maps\/embed?pb=!1m18!1m12!1m3!1d5662660.616623629!2d-2.435148504816877!3d46.13140746126157!2m3!1f0!2f0!3f0!3m2!1i1024!2i768!4f13.1!3m3!1m2!1s0xd54a02933785731%3A0x6bfd3f96c747d9f7!2sFransa!5e0!3m2!1str!2str!4v1667484437814!5m2!1str!2str&quot; width=&quot;600&quot; height=&quot;450&quot; style=&quot;border:0;&quot; allowfullscreen=&quot;&quot; loading=&quot;lazy&quot; referrerpolicy=&quot;no-referrer-when-downgrade&quot;&gt;&lt;\/iframe&gt;\"><\/iframe>\n                            <\/div>\n                        <\/div>\n                    <\/div>\n                <\/div>\n\n            <\/div>\n        <\/div>\n    <\/div>\n    <!-- End Contact Area -->\n\n    \t\t<\/div>\n\t\t\t\t<\/div>\n\t\t\t\t\t<\/div>\n\t\t<\/div>\n\t\t\t\t\t\t\t<\/div>\n\t\t<\/section>\n\t\t\t\t\t\t\t<\/div>\n\t\t","protected":false},"excerpt":{"rendered":"<p>HABEN SIE FRAGEN? H\u00e4ufig Gestellte Fragen Kontakt Welche Art von Dienstleistung bietet CA Distribution an? CA Distribution verwaltet den Einkaufsprozess der Produkte, die Einzelpersonen oder Organisationen liefern wollen, dank seines breiten Netzes und seiner Gesch\u00e4ftspartner in der ganzen Welt. Wie wird die Produktpreisforschung durchgef\u00fchrt? \u00dcber unsere bestehenden Gesch\u00e4ftspartner in unserem weltweiten Netzwerk ermitteln wir das [&hellip;]<\/p>\n","protected":false},"author":1,"featured_media":0,"parent":0,"menu_order":0,"comment_status":"closed","ping_status":"closed","template":"page-templates\/pages-image.php","meta":{"_mi_skip_tracking":false,"_themeisle_gutenberg_block_has_review":false,"_joinchat":[],"footnotes":""},"class_list":["post-2001","page","type-page","status-publish","hentry"],"aioseo_notices":[],"_links":{"self":[{"href":"https:\/\/cadistr.com\/de\/wp-json\/wp\/v2\/pages\/2001","targetHints":{"allow":["GET"]}}],"collection":[{"href":"https:\/\/cadistr.com\/de\/wp-json\/wp\/v2\/pages"}],"about":[{"href":"https:\/\/cadistr.com\/de\/wp-json\/wp\/v2\/types\/page"}],"author":[{"embeddable":true,"href":"https:\/\/cadistr.com\/de\/wp-json\/wp\/v2\/users\/1"}],"replies":[{"embeddable":true,"href":"https:\/\/cadistr.com\/de\/wp-json\/wp\/v2\/comments?post=2001"}],"version-history":[{"count":7,"href":"https:\/\/cadistr.com\/de\/wp-json\/wp\/v2\/pages\/2001\/revisions"}],"predecessor-version":[{"id":2381,"href":"https:\/\/cadistr.com\/de\/wp-json\/wp\/v2\/pages\/2001\/revisions\/2381"}],"wp:attachment":[{"href":"https:\/\/cadistr.com\/de\/wp-json\/wp\/v2\/media?parent=2001"}],"curies":[{"name":"wp","href":"https:\/\/api.w.org\/{rel}","templated":true}]}}